{"id":2596,"date":"2020-07-02T15:27:58","date_gmt":"2020-07-02T13:27:58","guid":{"rendered":"http:\/\/ompar.gasweb.it\/solutions\/"},"modified":"2020-07-10T11:01:42","modified_gmt":"2020-07-10T09:01:42","slug":"soluzioni","status":"publish","type":"page","link":"https:\/\/www.ompar.com\/it\/soluzioni\/","title":{"rendered":"Soluzioni"},"content":{"rendered":"<p>[vc_row css=&#8221;.vc_custom_1593788688677{margin-bottom: 60px !important;}&#8221;][vc_column][vc_column_text el_class=&#8221;intestazioni-h3&#8243;]<\/p>\n<h3>IL PROCEDIMENTO DI DIAMANTATURA<\/h3>\n<p>Quale altro verbo, se non brillare, d\u00e0 immediatamente l\u2019idea di un\u2019azione che fa risaltare un oggetto di luce viva facendolo spiccare ed emergere tra gli altri per bellezza e lucentezza? Ecco quindi che la brillantezza dei gioielli diventa l&#8217;aspetto pi\u00f9 importante dei prodotti di moda perch\u00e9, sapientemente indossati, sanno dare luce ed enfatizzare la pi\u00f9 semplice delle \u201cmise\u201d. E ci\u00f2, non vale solo per i gioielli veri e propri come orecchini, collane, bracciali ed anelli ma anche per tutti quelli accessori che, applicati nei vari settori della moda (pensiamo a: bottoni, fibbie, catenelle, occhiali, ecc. .. ), diventano spesso il gioco dello \u201cstylist\u201d ed il punto focale dell\u2019abito o della persona che lo indossa. La fantasia degli artisti sviluppa continuamente nuovi modelli per l&#8217;arte orafa che all\u2019armonia delle forme unisce luminosit\u00e0 e brillantezza in grado di catturare l&#8217;attenzione anche del cliente pi\u00f9 pigro. Per raggiungere tali risultati si ricorre alla diamantatura dei gioielli il cui processo consiste, principalmente, nella lappatura delle superfici dei metalli preziosi per ottenere effetti riflettenti ed uniformi su tutta la superficie oppure a disegni geometrici con sequenze diverse dove la luce va a infrangersi adombrando o illuminando i diversi punti di taglio . Il risultato \u00e8 un gioco di molteplici raggi proiettati in diverse direzioni che aumentano la preziosit\u00e0 e la ricercatezza dei gioielli. Ecco che da questa intuizione O.M.P.A.R. ha creato sin dal 1964 diamantatrici brevettate per l&#8217;industria orafa: macchine semplici ed apparecchiature multifunzionali in grado di realizzare, con facili operazioni, tutte le varie fantasie su gioielli ed accessori ed accrescerne, cos\u00ec, il loro valore. Fin dall&#8217;inizio l\u2019obiettivo dell\u2019 O.M.P.A.R. \u00e8 stato quello di introdurre sul mercato mondiale dei macchinari all\u2019avanguardia sul piano tecnologico ma che, al tempo stesso, con le loro prestazioni, consentissero ai designers orafi di soddisfare e realizzare con l\u2019applicazione pratica le loro idee pi\u00f9 fantasiose. Diamantatrici quindi di facile uso, equipaggiate con attrezzature ed accessori \u201cintelligenti\u201d che permettono di realizzare decorazioni e finiture un tempo fatte unicamente a mano. Un esempio interessante da citare \u00e8 la &#8220;testa per stelle&#8221;: un accessorio che, montato sulle nostre macchine, realizza una stella completa in un solo colpo riducendo notevolmente il tempo impiegato per eseguire lo stesso disegno a mano. Inoltre, l\u2019utilizzo di diversi metodi di bloccaggio come: pinze, guide, dispositivi di aspirazione o tecnologia del ghiaccio, consentono ai nostri clienti di produrre una serie illimitata di articoli anche con spessori molto sottili o vuoti.<\/p>\n<p>Se a tutto ci\u00f2 aggiungiamo la flessibilit\u00e0 e completezza di movimenti di tutte le macchine O.M.P.A.R. comprendiamo come sia possibile ottenere sempre nuove creazioni e finiture particolari su catene, braccialetti, anelli e medaglie. Di recente \u00e8 stata elaborata una nuova concezione di diamantatura atta a decorare e diamantare la superficie di fili, tubi e catene rotonde realizzabile con la diamantatrice OMPAR modello VRT-05. La particolarit\u00e0 di questo nuovo sistema consiste nel fatto che mentre il prodotto \u00e8 fermo la macchina ruota intorno ad esso conferendo un taglio pi\u00f9 stabile ed una migliore finitura dell&#8217;articolo, ottenendo un\u2019elevata velocit\u00e0 ed una maggiore produttivit\u00e0. E\u2019 con motivato orgoglio perci\u00f2 che presentiamo, sottolineandone il successo consolidato, tutti quei macchinari che, costantemente aggiornati, formano la nostra perfetta squadra tecnica in un laboratorio che vuole stare al passo con i tempi.<\/p>\n<p>Ecco a Voi i modelli:<\/p>\n<p>&#8211;\u00a0<strong>DVP M9<\/strong>\u00a0e\u00a0<strong>DVP-S M9<\/strong>: diamantatrici a controllo numerico adatte per diamantare rispettivamente &#8220;catena a pallina&#8221; e \u201cpalline singole\u201d. Il loro CNC usa un software specifico, di nostra realizzazione, semplice da utilizzare e comune alla maggior parte delle Diamantatrici CNC OMPAR.<\/p>\n<p>&#8211; La diamantatrice automatica\u00a0<strong>RA 2600<\/strong>\u00a0per catene sagomate come la &#8220;snake&#8221;, la \u201ccorda\u201d e adatta anche per catene a palline di piccole dimensioni dove \u00e8 possibile ottenere sfaccettature a quattro, sei o otto lati.<\/p>\n<p>&#8211; La\u00a0<strong>RA 2000 ICE<\/strong>\u00a0\u00e8 invece il sinonimo di \u201cdiamantatrice veloce\u201d; infatti, questa apparecchiatura, grazie all&#8217;ausilio del ghiaccio, pu\u00f2 raggiungere la produzione di 300 m\/ora di catena sottile diamantata sui due lati.<\/p>\n<p>&#8211; La nuova diamantatrice mod.\u00a0<strong>FG10<\/strong>\u00a0pu\u00f2 facilmente lavorare qualsiasi tipo di anello o braccialetto, piatto o mezzo-tondo, facendolo diventare brillante grazie ad un numero infinito di programmi che possono essere memorizzati per realizzare agevolmente pezzi unici o grandi quantit\u00e0 in tempi incredibilmente brevi. Essa va ad affiancare la ricca gamma di diamantatrici a controllo numerico O.M.P.A.R. settore di fabbricazione che aiuta ad accelerare e ottimizzare la produzione delle principali aziende orafe industrializzate gi\u00e0 ns. clienti in molti Paesi del Mondo.<\/p>\n<p>La nostra peculiarit\u00e0 \u00e8 la capacit\u00e0 di adeguare con estrema flessibilit\u00e0 i ns. macchinari alle particolari esigenze dei clienti studiando assieme a loro la diamantatrice da realizzare \u201csu misura\u201d per conferire al prodotto finale (di qualsivoglia settore esso sia) quelle specifiche caratteristiche che lo renderanno unico e prezioso.[\/vc_column_text][\/vc_column][\/vc_row][vc_row][vc_column][vc_empty_space height=&#8221;50px&#8221; alter_height=&#8221;medium&#8221; hide_on_mobile=&#8221;&#8221;][\/vc_column][\/vc_row]<\/p>\n","protected":false},"excerpt":{"rendered":"<p>[vc_row css=&#8221;.vc_custom_1593788688677{margin-bottom: 60px !important;}&#8221;][vc_column][vc_column_text el_class=&#8221;intestazioni-h3&#8243;] IL PROCEDIMENTO DI DIAMANTATURA Quale altro verbo, se non brillare, d\u00e0 immediatamente l\u2019idea di un\u2019azione che fa risaltare un oggetto di luce viva facendolo spiccare ed emergere tra gli altri per bellezza e lucentezza? Ecco quindi che la brillantezza dei gioielli diventa l&#8217;aspetto pi\u00f9 importante dei prodotti di moda perch\u00e9, sapientemente indossati, sanno dare luce&hellip;<\/p>\n","protected":false},"author":1,"featured_media":0,"parent":0,"menu_order":0,"comment_status":"closed","ping_status":"closed","template":"","meta":[],"yoast_head":"<!-- This site is optimized with the Yoast SEO plugin v15.3 - https:\/\/yoast.com\/wordpress\/plugins\/seo\/ -->\n<title>Soluzioni - OMPAR<\/title>\n<meta name=\"robots\" content=\"index, follow, max-snippet:-1, max-image-preview:large, max-video-preview:-1\" \/>\n<link rel=\"canonical\" href=\"https:\/\/www.ompar.com\/it\/soluzioni\/\" \/>\n<meta property=\"og:locale\" content=\"it_IT\" \/>\n<meta property=\"og:type\" content=\"article\" \/>\n<meta property=\"og:title\" content=\"Soluzioni - OMPAR\" \/>\n<meta property=\"og:description\" content=\"[vc_row css=&#8221;.vc_custom_1593788688677{margin-bottom: 60px !important;}&#8221;][vc_column][vc_column_text el_class=&#8221;intestazioni-h3&#8243;] IL PROCEDIMENTO DI DIAMANTATURA Quale altro verbo, se non brillare, d\u00e0 immediatamente l\u2019idea di un\u2019azione che fa risaltare un oggetto di luce viva facendolo spiccare ed emergere tra gli altri per bellezza e lucentezza? Ecco quindi che la brillantezza dei gioielli diventa l&#8217;aspetto pi\u00f9 importante dei prodotti di moda perch\u00e9, sapientemente indossati, sanno dare luce&hellip;\" \/>\n<meta property=\"og:url\" content=\"https:\/\/www.ompar.com\/it\/soluzioni\/\" \/>\n<meta property=\"og:site_name\" content=\"OMPAR\" \/>\n<meta property=\"article:modified_time\" content=\"2020-07-10T09:01:42+00:00\" \/>\n<meta name=\"twitter:card\" content=\"summary_large_image\" \/>\n<meta name=\"twitter:label1\" content=\"Scritto da\">\n\t<meta name=\"twitter:data1\" content=\"admin_gas\">\n\t<meta name=\"twitter:label2\" content=\"Tempo di lettura stimato\">\n\t<meta name=\"twitter:data2\" content=\"3 minuti\">\n<script type=\"application\/ld+json\" class=\"yoast-schema-graph\">{\"@context\":\"https:\/\/schema.org\",\"@graph\":[{\"@type\":\"WebSite\",\"@id\":\"https:\/\/www.ompar.com\/it\/#website\",\"url\":\"https:\/\/www.ompar.com\/it\/\",\"name\":\"OMPAR\",\"description\":\"Diamond faceting machines\",\"potentialAction\":[{\"@type\":\"SearchAction\",\"target\":\"https:\/\/www.ompar.com\/it\/?s={search_term_string}\",\"query-input\":\"required name=search_term_string\"}],\"inLanguage\":\"it-IT\"},{\"@type\":\"WebPage\",\"@id\":\"https:\/\/www.ompar.com\/it\/soluzioni\/#webpage\",\"url\":\"https:\/\/www.ompar.com\/it\/soluzioni\/\",\"name\":\"Soluzioni - OMPAR\",\"isPartOf\":{\"@id\":\"https:\/\/www.ompar.com\/it\/#website\"},\"datePublished\":\"2020-07-02T13:27:58+00:00\",\"dateModified\":\"2020-07-10T09:01:42+00:00\",\"inLanguage\":\"it-IT\",\"potentialAction\":[{\"@type\":\"ReadAction\",\"target\":[\"https:\/\/www.ompar.com\/it\/soluzioni\/\"]}]}]}<\/script>\n<!-- \/ Yoast SEO plugin. -->","_links":{"self":[{"href":"https:\/\/www.ompar.com\/it\/wp-json\/wp\/v2\/pages\/2596"}],"collection":[{"href":"https:\/\/www.ompar.com\/it\/wp-json\/wp\/v2\/pages"}],"about":[{"href":"https:\/\/www.ompar.com\/it\/wp-json\/wp\/v2\/types\/page"}],"author":[{"embeddable":true,"href":"https:\/\/www.ompar.com\/it\/wp-json\/wp\/v2\/users\/1"}],"replies":[{"embeddable":true,"href":"https:\/\/www.ompar.com\/it\/wp-json\/wp\/v2\/comments?post=2596"}],"version-history":[{"count":4,"href":"https:\/\/www.ompar.com\/it\/wp-json\/wp\/v2\/pages\/2596\/revisions"}],"predecessor-version":[{"id":3132,"href":"https:\/\/www.ompar.com\/it\/wp-json\/wp\/v2\/pages\/2596\/revisions\/3132"}],"wp:attachment":[{"href":"https:\/\/www.ompar.com\/it\/wp-json\/wp\/v2\/media?parent=2596"}],"curies":[{"name":"wp","href":"https:\/\/api.w.org\/{rel}","templated":true}]}}